{"id":236,"date":"2018-04-04T09:27:42","date_gmt":"2018-04-04T08:27:42","guid":{"rendered":"https:\/\/liveinvalencia.lbiz.es\/?page_id=236"},"modified":"2019-04-02T19:31:59","modified_gmt":"2019-04-02T18:31:59","slug":"servicios-para-propietarios","status":"publish","type":"page","link":"https:\/\/liveinvalencia.lbiz.es\/es\/servicios-para-propietarios\/","title":{"rendered":"Servicios para propietarios"},"content":{"rendered":"<p style=\"text-align: justify;\">\u00bfAlguna vez has pensado cu\u00e1l ser\u00eda la mejor manera de manejar tu propiedad? Por supuesto, obtener beneficios es importante, pero hay otros factores que no tienen valor econ\u00f3mico: la tranquilidad que puedes tener cuando tu propiedad alquilada se maneja bien es incalculable.<\/p>\n<p style=\"text-align: justify;\">Queremos garantizar que el proceso de alquilar tu propiedad sea lo m\u00e1s c\u00f3modo posible. Por lo tanto, ofrecemos servicios espec\u00edficos para propietarios. Si posees de una propiedad de medio\/alto nivel o de lujo en Valencia, disponemos de un amplio n\u00famero de clientes que buscan \u00fanicamente este tipo de viviendas.<\/p>\n<h3 style=\"text-align: left;\">\u00bfC\u00f3mo podemos ayudarte?<\/h3>\n<p style=\"text-align: justify;\">Independientemente de si quieres alquilar tu propiedad de corto o de largo plazo, es esencial que elijas tus inquilinos cuidadosamente.<\/p>\n<p style=\"text-align: justify;\">Todos nuestros clientes se mudan a Valencia o alrededores y la mayor\u00eda de ellos buscan viviendas para alquilar a largo plazo. Sin embargo, este proceso no se suele completar hasta haber pasado un mes, y mientras tanto hay necesidad para encontrar alojamiento temporal. La mayor\u00eda de nuestros clientes ya han pasado por un exhaustivo control del visado para poder residir en Espa\u00f1a. Para ti, como propietario, alquilar tu vivienda de corto plazo para nuestros clientes es una opci\u00f3n segura, porque nosotros seguimos colaborando con ellos en la b\u00fasqueda de alojamiento permanente. Nuestros clientes suelen buscar alojamiento temporal para 1 hasta 10 meses.<\/p>\n<h3 style=\"text-align: left;\">\u00bfQu\u00e9 servicios ofrecemos?<\/h3>\n<p style=\"text-align: justify;\">Optamos por marketing directo a nuestros clientes y personas que visitan en nuestra p\u00e1gina web. T\u00fa como propietario sigues teniendo el control de todo: el precio, la elecci\u00f3n de inquilinos, etc\u00e9tera. Nuestro servicio no es exclusivo, as\u00ed que lo puedes compaginar con cualquier otra t\u00e9cnica de marketing. Si quieres, hacemos fotos de tu propiedad y recibimos los inquilinos. Nuestro objetivo es hacer que alquilar tu propiedad sea lo m\u00e1s f\u00e1cil y c\u00f3modo para ti.<\/p>\n<h3 style=\"text-align: left;\">\u00bfPor qu\u00e9 elegirnos?<\/h3>\n<p style=\"text-align: justify;\">En nuestra experiencia, el entendimiento de las diferencias culturales en negocios internacionales es un aspecto esencial y sin embargo subestimado por mucha gente. Hay muchas cosas que pueden cambiar totalmente tu experiencia de hacer negocios, y la barrera ling\u00fc\u00edstica es una de ellas. Desde el principio, nosotros hemos enfatizado la importancia de la comunicaci\u00f3n intercultural, porque una comunicaci\u00f3n fluida es la clave para establecer relaciones de negocios exitosas. Nuestro equipo tiene experiencia de vivir y trabajar en diferentes ambientes culturales, y nos comunicamos con fluidez en ingl\u00e9s, ruso, espa\u00f1ol, y leton\u00e9s.<\/p>\n<p style=\"text-align: justify;\">Gracias a nuestra experiencia y a nuestros contactos en diferentes campos, podemos satisfacer tus necesidades como propietario y manejar situaciones de emergencia que puedan surgir. Nuestra puntualidad, fiabilidad y ajustados precios nos han convertido en poco tiempo en una empresa inmobiliaria valorada por los clientes y por negocios competidores en el campo. Nuestros clientes han estado muy contentos con nuestros servicios y forma de trabajar.<\/p>\n<h3 style=\"text-align: left;\">\u00bfEn qu\u00e9 zonas trabajamos?<\/h3>\n<p style=\"text-align: justify;\">Nuestra clientela est\u00e1 interesada en propiedades de alquiler situadas en la ciudad de Valencia, como en las zonas c\u00e9ntricas de <em>Ciutat Vella<\/em>, <em>Eixample<\/em>, <em>Gran V\u00eda<\/em> y <em>Ruzafa<\/em>. Estas zonas urbanas incluyen tambi\u00e9n las zonas del <em>Mestalla<\/em>, <em>Blasco Ib\u00e1\u00f1ez<\/em> y <em>La Ciudad de las Artes y las Ciencias<\/em>. No obstante, tambi\u00e9n hay demanda para viviendas en las afueras de Valencia, como en los pueblos de <em>Paterna<\/em>, <em>Rocafort<\/em>, <em>Godella<\/em>, <em>La Eliana<\/em> y <em>B\u00e9tera<\/em>, as\u00ed como en las zonas costeras de <em>Alboraya<\/em>, el <em>Puig<\/em> y <em>Puzol<\/em>.<\/p>\n<p style=\"text-align: justify;\">Para m\u00e1s informaci\u00f3n de c\u00f3mo podemos ayudarte en el proceso de alquilar tu propiedad, ponte en contacto con nosotros a trav\u00e9s de la p\u00e1gina de <a href=\"https:\/\/liveinvalencia.lbiz.es\/es\/contactenos\/\">contacto<\/a> o ll\u00e1manos al 623119097.<\/p>\n","protected":false},"excerpt":{"rendered":"<p>\u00bfAlguna vez has pensado cu\u00e1l ser\u00eda la mejor manera de manejar tu propiedad? Por supuesto, obtener beneficios es importante, pero hay otros factores que no tienen valor econ\u00f3mico: la tranquilidad que puedes tener cuando tu propiedad alquilada se maneja bien es incalculable. Queremos garantizar que el proceso de alquilar tu propiedad sea lo m\u00e1s c\u00f3modo [&hellip;]<\/p>\n","protected":false},"author":1,"featured_media":0,"parent":0,"menu_order":0,"comment_status":"closed","ping_status":"closed","template":"","meta":{"_genesis_hide_title":false,"_genesis_hide_breadcrumbs":false,"_genesis_hide_singular_image":false,"_genesis_hide_footer_widgets":false,"_genesis_custom_body_class":"","_genesis_custom_post_class":"","_genesis_layout":"","footnotes":""},"class_list":{"0":"post-236","1":"page","2":"type-page","3":"status-publish","5":"entry"},"_links":{"self":[{"href":"https:\/\/liveinvalencia.lbiz.es\/es\/wp-json\/wp\/v2\/pages\/236","targetHints":{"allow":["GET"]}}],"collection":[{"href":"https:\/\/liveinvalencia.lbiz.es\/es\/wp-json\/wp\/v2\/pages"}],"about":[{"href":"https:\/\/liveinvalencia.lbiz.es\/es\/wp-json\/wp\/v2\/types\/page"}],"author":[{"embeddable":true,"href":"https:\/\/liveinvalencia.lbiz.es\/es\/wp-json\/wp\/v2\/users\/1"}],"replies":[{"embeddable":true,"href":"https:\/\/liveinvalencia.lbiz.es\/es\/wp-json\/wp\/v2\/comments?post=236"}],"version-history":[{"count":6,"href":"https:\/\/liveinvalencia.lbiz.es\/es\/wp-json\/wp\/v2\/pages\/236\/revisions"}],"predecessor-version":[{"id":320,"href":"https:\/\/liveinvalencia.lbiz.es\/es\/wp-json\/wp\/v2\/pages\/236\/revisions\/320"}],"wp:attachment":[{"href":"https:\/\/liveinvalencia.lbiz.es\/es\/wp-json\/wp\/v2\/media?parent=236"}],"curies":[{"name":"wp","href":"https:\/\/api.w.org\/{rel}","templated":true}]}}